{"id":1244,"date":"2021-12-25T14:35:17","date_gmt":"2021-12-25T07:35:17","guid":{"rendered":"https:\/\/ria.edu.vn\/?page_id=1244"},"modified":"2022-09-20T17:21:04","modified_gmt":"2022-09-20T10:21:04","slug":"ve-chi-mau","status":"publish","type":"page","link":"https:\/\/ria.edu.vn\/?page_id=1244","title":{"rendered":"V\u1ebd ch\u00ec m\u00e0u"},"content":{"rendered":"<div class=\"row row-collapse\"  id=\"row-1104321542\">\n\n\t<div id=\"col-930229218\" class=\"col small-12 large-12\"  >\n\t\t<div class=\"col-inner\"  >\n\t\t\t\n\t\t\t\n<p class=\"ria_title_page_kh\">Kh\u00f3a h\u1ecdc ng\u01b0\u1eddi l\u1edbn t\u1eeb 14 tu\u1ed5i\u00a0tr\u1edf l\u00ean<br \/>KH\u00d3A M\u1ef8 THU\u1eacT C\u01a0 B\u1ea2N<\/p>\n\t\t<\/div>\n\t\t\n<style>\n#col-930229218 > .col-inner {\n  padding: 15px 0px 15px 0px;\n}\n<\/style>\n\t<\/div>\n\n\t\n<\/div>\n\n  <div class=\"banner has-hover ria_page_banner\" id=\"banner-1590742061\">\n          <div class=\"banner-inner fill\">\n        <div class=\"banner-bg fill\" >\n            <div class=\"bg fill bg-fill \"><\/div>\n                                    \n                    <\/div>\n        <div class=\"banner-layers container\">\n            <div class=\"fill banner-link\"><\/div>            \n   <div id=\"text-box-979135473\" class=\"text-box banner-layer ria_page_title_banner x0 md-x0 lg-x0 y100 md-y100 lg-y100 res-text\">\n                                <div class=\"text-box-content text dark\">\n              \n              <div class=\"text-inner text-center\">\n                  \n\t<div id=\"text-1602174997\" class=\"text container\">\n\t\t\n<p class=\"uppercase ria_page_header_title_1\">V\u1ebc CH\u00cc M\u00c0U<\/p>\n<p class=\"ria_page_header_title_2\">\u00a0<\/p>\n\t\t\n<style>\n#text-1602174997 {\n  text-align: left;\n}\n<\/style>\n\t<\/div>\n\t\n              <\/div>\n           <\/div>\n                            \n<style>\n#text-box-979135473 .text-inner {\n  padding: 20px 0px 20px 0px;\n}\n#text-box-979135473 {\n  width: 94%;\n}\n#text-box-979135473 .text-box-content {\n  font-size: 100%;\n}\n@media (min-width:550px) {\n  #text-box-979135473 {\n    width: 100%;\n  }\n}\n<\/style>\n    <\/div>\n \n        <\/div>\n      <\/div>\n\n            \n<style>\n#banner-1590742061 {\n  padding-top: 300px;\n}\n#banner-1590742061 .bg.bg-loaded {\n  background-image: url(https:\/\/ria.edu.vn\/wp-content\/uploads\/2021\/12\/vcm-bg1.webp);\n}\n@media (min-width:550px) {\n  #banner-1590742061 {\n    padding-top: 400px;\n  }\n}\n<\/style>\n  <\/div>\n\n\n\t<section class=\"section\" id=\"section_1725749960\">\n\t\t<div class=\"bg section-bg fill bg-fill  bg-loaded\" >\n\n\t\t\t\n\t\t\t<div class=\"section-bg-overlay absolute fill\"><\/div>\n\t\t\t\n\n\t\t<\/div>\n\n\t\t<div class=\"section-content relative\">\n\t\t\t\n<div class=\"row\"  id=\"row-1763271677\">\n\n\t<div id=\"col-1620453683\" class=\"col small-12 large-12\"  >\n\t\t<div class=\"col-inner\"  >\n\t\t\t\n\t\t\t\n<ul class=\"ria_kh_list\" style=\"list-style:none;margin-left:0\">\n<li><i class=\"fas fa-circle\" ><\/i> C\u01a0 B\u1ea2N 5 \u2013 CH\u00cc M\u00c0U (CB5) &#8211; TH\u1edcI L\u01af\u1ee2NG: 1 TH\u00c1NG &#8211; 1 BU\u1ed4I\/TU\u1ea6N<\/li>\n<\/ul>\n<p class=\"ria_text_1\">Ch\u00ec m\u00e0u l\u00e0 m\u1ed9t trong s\u1ed1 nh\u1eefng ch\u1ea5t li\u1ec7u quen thu\u1ed9c \u0111\u01b0\u1ee3c s\u1eed d\u1ee5ng r\u1ed9ng r\u00e3i trong m\u1ef9 thu\u1eadt. V\u1ec1 c\u01a1 b\u1ea3n, k\u1ef9 thu\u1eadt v\u1ebd ch\u00ec m\u00e0u c\u0169ng t\u01b0\u01a1ng t\u1ef1 nh\u01b0 v\u1ebd ch\u00ec, tuy nhi\u00ean v\u1ebd ch\u00ec m\u00e0u l\u00e0 b\u01b0\u1edbc n\u00e2ng cao h\u01a1n khi ng\u01b0\u1eddi h\u1ecdc c\u00f2n ph\u1ea3i l\u00e0m quen v\u1edbi c\u00e1c y\u1ebfu t\u1ed1 m\u00e0u s\u1eafc. Kh\u00f3a h\u1ecdc n\u00e0y s\u1ebd gi\u00fap ng\u01b0\u1eddi h\u1ecdc ti\u1ebfp t\u1ee5c n\u00e2ng cao k\u1ef9 n\u0103ng d\u1ef1ng h\u00ecnh, l\u00ean b\u00f3ng, bi\u1ebft \u0111\u01b0\u1ee3c c\u00e1c nguy\u00ean l\u00fd m\u00e0u s\u1eafc c\u01a1 b\u1ea3n trong h\u1ed9i h\u1ecda c\u0169ng nh\u01b0 l\u00e0m ch\u1ee7 \u0111\u01b0\u1ee3c c\u00e1c k\u1ef9 n\u0103ng v\u1ebd ch\u00ec m\u00e0u c\u01a1 b\u1ea3n.<\/p>\n\t\t<\/div>\n\t\t\t<\/div>\n\n\t\n\n\t<div id=\"col-622994900\" class=\"col medium-6 small-12 large-6\"  >\n\t\t<div class=\"col-inner\"  >\n\t\t\t\n\t\t\t\n\t<div class=\"img has-hover x md-x lg-x y md-y lg-y\" id=\"image_720878573\">\n\t\t\t\t\t\t\t\t<div class=\"img-inner image-color image-cover dark\" style=\"padding-top:75%;\">\n\t\t\t<img decoding=\"async\" width=\"812\" height=\"659\" data-src=\"https:\/\/ria.edu.vn\/wp-content\/uploads\/2021\/12\/combo1-bg5.webp\" class=\"attachment-original size-original lazyload\" alt=\"\" data-srcset=\"https:\/\/ria.edu.vn\/wp-content\/uploads\/2021\/12\/combo1-bg5.webp 812w, https:\/\/ria.edu.vn\/wp-content\/uploads\/2021\/12\/combo1-bg5-600x487.webp 600w, https:\/\/ria.edu.vn\/wp-content\/uploads\/2021\/12\/combo1-bg5-493x400.webp 493w, https:\/\/ria.edu.vn\/wp-content\/uploads\/2021\/12\/combo1-bg5-768x623.webp 768w\" data-sizes=\"(max-width: 812px) 100vw, 812px\" src=\"data:image\/gif;base64,R0lGODlhAQABAAAAACH5BAEKAAEALAAAAAABAAEAAAICTAEAOw==\" style=\"--smush-placeholder-width: 812px; --smush-placeholder-aspect-ratio: 812\/659;\" \/>\t\t\t\t\t\t\n\t\t\t\t\t<\/div>\n\t\t\t\t\t\t\t\t\n<style>\n#image_720878573 {\n  width: 100%;\n}\n<\/style>\n\t<\/div>\n\t\n\t\t<\/div>\n\t\t\t<\/div>\n\n\t\n\n\t<div id=\"col-1639827846\" class=\"col medium-6 small-12 large-6\"  >\n\t\t<div class=\"col-inner\"  >\n\t\t\t\n\t\t\t\n\t<div class=\"img has-hover x md-x lg-x y md-y lg-y\" id=\"image_791242683\">\n\t\t\t\t\t\t\t\t<div class=\"img-inner image-color image-cover dark\" style=\"padding-top:75%;\">\n\t\t\t<img decoding=\"async\" width=\"812\" height=\"660\" data-src=\"https:\/\/ria.edu.vn\/wp-content\/uploads\/2021\/12\/combo1-bg6.webp\" class=\"attachment-original size-original lazyload\" alt=\"\" data-srcset=\"https:\/\/ria.edu.vn\/wp-content\/uploads\/2021\/12\/combo1-bg6.webp 812w, https:\/\/ria.edu.vn\/wp-content\/uploads\/2021\/12\/combo1-bg6-600x488.webp 600w, https:\/\/ria.edu.vn\/wp-content\/uploads\/2021\/12\/combo1-bg6-492x400.webp 492w, https:\/\/ria.edu.vn\/wp-content\/uploads\/2021\/12\/combo1-bg6-768x624.webp 768w\" data-sizes=\"(max-width: 812px) 100vw, 812px\" src=\"data:image\/gif;base64,R0lGODlhAQABAAAAACH5BAEKAAEALAAAAAABAAEAAAICTAEAOw==\" style=\"--smush-placeholder-width: 812px; --smush-placeholder-aspect-ratio: 812\/660;\" \/>\t\t\t\t\t\t\n\t\t\t\t\t<\/div>\n\t\t\t\t\t\t\t\t\n<style>\n#image_791242683 {\n  width: 100%;\n}\n<\/style>\n\t<\/div>\n\t\n\t\t<\/div>\n\t\t\t<\/div>\n\n\t\n\n\t<div id=\"col-2063841591\" class=\"col medium-6 small-12 large-6\"  >\n\t\t<div class=\"col-inner\"  >\n\t\t\t\n\t\t\t\n\t<div class=\"img has-hover x md-x lg-x y md-y lg-y\" id=\"image_187396724\">\n\t\t\t\t\t\t\t\t<div class=\"img-inner image-color dark\" >\n\t\t\t<img decoding=\"async\" width=\"299\" height=\"400\" data-src=\"https:\/\/ria.edu.vn\/wp-content\/uploads\/2022\/09\/2a162da6ea6a2e34777b-299x400.jpg\" class=\"attachment-medium size-medium lazyload\" alt=\"\" data-srcset=\"https:\/\/ria.edu.vn\/wp-content\/uploads\/2022\/09\/2a162da6ea6a2e34777b-299x400.jpg 299w, https:\/\/ria.edu.vn\/wp-content\/uploads\/2022\/09\/2a162da6ea6a2e34777b-600x802.jpg 600w, https:\/\/ria.edu.vn\/wp-content\/uploads\/2022\/09\/2a162da6ea6a2e34777b-599x800.jpg 599w, https:\/\/ria.edu.vn\/wp-content\/uploads\/2022\/09\/2a162da6ea6a2e34777b-768x1026.jpg 768w, https:\/\/ria.edu.vn\/wp-content\/uploads\/2022\/09\/2a162da6ea6a2e34777b-1150x1536.jpg 1150w, https:\/\/ria.edu.vn\/wp-content\/uploads\/2022\/09\/2a162da6ea6a2e34777b-1533x2048.jpg 1533w, https:\/\/ria.edu.vn\/wp-content\/uploads\/2022\/09\/2a162da6ea6a2e34777b.jpg 1916w\" data-sizes=\"(max-width: 299px) 100vw, 299px\" src=\"data:image\/gif;base64,R0lGODlhAQABAAAAACH5BAEKAAEALAAAAAABAAEAAAICTAEAOw==\" style=\"--smush-placeholder-width: 299px; --smush-placeholder-aspect-ratio: 299\/400;\" \/>\t\t\t\t\t\t\n\t\t\t\t\t<\/div>\n\t\t\t\t\t\t\t\t\n<style>\n#image_187396724 {\n  width: 100%;\n}\n<\/style>\n\t<\/div>\n\t\n\t\t<\/div>\n\t\t\t<\/div>\n\n\t\n\n\t<div id=\"col-1250941373\" class=\"col medium-6 small-12 large-6\"  >\n\t\t<div class=\"col-inner\"  >\n\t\t\t\n\t\t\t\n\t<div class=\"img has-hover x md-x lg-x y md-y lg-y\" id=\"image_475112962\">\n\t\t\t\t\t\t\t\t<div class=\"img-inner image-color image-cover dark\" style=\"padding-top:100%;\">\n\t\t\t<img decoding=\"async\" width=\"2560\" height=\"1916\" data-src=\"https:\/\/ria.edu.vn\/wp-content\/uploads\/2022\/09\/383748968f5a4b04124b.jpg\" class=\"attachment-original size-original lazyload\" alt=\"\" data-srcset=\"https:\/\/ria.edu.vn\/wp-content\/uploads\/2022\/09\/383748968f5a4b04124b.jpg 2560w, https:\/\/ria.edu.vn\/wp-content\/uploads\/2022\/09\/383748968f5a4b04124b-600x449.jpg 600w, https:\/\/ria.edu.vn\/wp-content\/uploads\/2022\/09\/383748968f5a4b04124b-534x400.jpg 534w, https:\/\/ria.edu.vn\/wp-content\/uploads\/2022\/09\/383748968f5a4b04124b-1069x800.jpg 1069w, https:\/\/ria.edu.vn\/wp-content\/uploads\/2022\/09\/383748968f5a4b04124b-768x575.jpg 768w, https:\/\/ria.edu.vn\/wp-content\/uploads\/2022\/09\/383748968f5a4b04124b-1536x1150.jpg 1536w, https:\/\/ria.edu.vn\/wp-content\/uploads\/2022\/09\/383748968f5a4b04124b-2048x1533.jpg 2048w\" data-sizes=\"(max-width: 2560px) 100vw, 2560px\" src=\"data:image\/gif;base64,R0lGODlhAQABAAAAACH5BAEKAAEALAAAAAABAAEAAAICTAEAOw==\" style=\"--smush-placeholder-width: 2560px; --smush-placeholder-aspect-ratio: 2560\/1916;\" \/>\t\t\t\t\t\t\n\t\t\t\t\t<\/div>\n\t\t\t\t\t\t\t\t\n<style>\n#image_475112962 {\n  width: 100%;\n}\n<\/style>\n\t<\/div>\n\t\n\t\t<\/div>\n\t\t\t<\/div>\n\n\t\n<\/div>\n<div class=\"row\"  id=\"row-1013485279\">\n\n\t<div id=\"col-1825212286\" class=\"col small-12 large-12\"  >\n\t\t<div class=\"col-inner\"  >\n\t\t\t\n\t\t\t\n<p class=\"ria_kh_title_1\">V\u00ec sao n\u00ean ch\u1ecdn h\u1ecdc m\u1ef9 thu\u1eadt t\u1ea1i Rubik Art School?<\/p>\n<p class=\"ria_text_1\">\u00a0 \u00a0 \u00a0 &#8211; \u0110a d\u1ea1ng c\u00e1c ch\u1ea5t li\u1ec7u cho h\u1ecdc vi\u00ean t\u1ef1 do tr\u1ea3i nghi\u1ec7m<\/p>\n<p class=\"ria_text_1\">\u00a0 \u00a0 \u00a0 &#8211; K\u1ebf ho\u1ea1ch h\u1ecdc t\u1eadp \u0111\u01b0\u1ee3c thi\u1ebft k\u1ebf ph\u00f9 h\u1ee3p cho t\u1eebng h\u1ecdc vi\u00ean<\/p>\n<p class=\"ria_text_1\">\u00a0 \u00a0 \u00a0 &#8211; Th\u1eddi gian h\u1ecdc t\u1eadp linh ho\u1ea1t c\u1ea3 tu\u1ea7n<\/p>\n<p class=\"ria_text_1\">\u00a0 \u00a0 \u00a0 &#8211; \u0110\u1ed9i ng\u0169 gi\u1ea3ng d\u1ea1y l\u00e0 c\u00e1c gi\u1ea3ng vi\u00ean, h\u1ecda s\u0129\/chuy\u00ean gia c\u00f3 nghi\u1ec7p v\u1ee5 s\u01b0 ph\u1ea1m, gi\u00e0u kinh nghi\u1ec7m th\u1ef1c h\u00e0nh t\u1ea1o s\u1ea3n ph\u1ea9m, t\u00e1c ph\u1ea9m m\u1edbi.<\/p>\n\t\t<\/div>\n\t\t\t<\/div>\n\n\t\n<\/div>\n\t\t<\/div>\n\n\t\t\n<style>\n#section_1725749960 {\n  padding-top: 30px;\n  padding-bottom: 30px;\n}\n#section_1725749960 .section-bg-overlay {\n  background-color: rgba(255, 255, 255, 0.82);\n}\n<\/style>\n\t<\/section>\n\t\n","protected":false},"excerpt":{"rendered":"","protected":false},"author":1,"featured_media":0,"parent":918,"menu_order":0,"comment_status":"closed","ping_status":"closed","template":"page-blank.php","meta":{"_acf_changed":false,"footnotes":""},"class_list":["post-1244","page","type-page","status-publish","hentry"],"acf":[],"yoast_head":"<!-- This site is optimized with the Yoast SEO plugin v27.3 - https:\/\/yoast.com\/product\/yoast-seo-wordpress\/ -->\n<title>V\u1ebd ch\u00ec m\u00e0u - H\u1ecdc Vi\u1ec7n M\u1ef9 Thu\u1eadt Qu\u1ed1c T\u1ebf Rubik<\/title>\n<meta name=\"robots\" content=\"index, follow, max-snippet:-1, max-image-preview:large, max-video-preview:-1\" \/>\n<link rel=\"canonical\" href=\"https:\/\/ria.edu.vn\/?page_id=1244\" \/>\n<meta property=\"og:locale\" content=\"vi_VN\" \/>\n<meta property=\"og:type\" content=\"article\" \/>\n<meta property=\"og:title\" content=\"V\u1ebd ch\u00ec m\u00e0u - H\u1ecdc Vi\u1ec7n M\u1ef9 Thu\u1eadt Qu\u1ed1c T\u1ebf Rubik\" \/>\n<meta property=\"og:url\" content=\"https:\/\/ria.edu.vn\/?page_id=1244\" \/>\n<meta property=\"og:site_name\" content=\"H\u1ecdc Vi\u1ec7n M\u1ef9 Thu\u1eadt Qu\u1ed1c T\u1ebf Rubik\" \/>\n<meta property=\"article:publisher\" content=\"https:\/\/www.facebook.com\/rubikartschool\" \/>\n<meta property=\"article:modified_time\" content=\"2022-09-20T10:21:04+00:00\" \/>\n<meta name=\"twitter:card\" content=\"summary_large_image\" \/>\n<meta name=\"twitter:label1\" content=\"\u01af\u1edbc t\u00ednh th\u1eddi gian \u0111\u1ecdc\" \/>\n\t<meta name=\"twitter:data1\" content=\"2 ph\u00fat\" \/>\n<script type=\"application\/ld+json\" class=\"yoast-schema-graph\">{\"@context\":\"https:\\\/\\\/schema.org\",\"@graph\":[{\"@type\":\"WebPage\",\"@id\":\"https:\\\/\\\/ria.edu.vn\\\/?page_id=1244\",\"url\":\"https:\\\/\\\/ria.edu.vn\\\/?page_id=1244\",\"name\":\"V\u1ebd ch\u00ec m\u00e0u - H\u1ecdc Vi\u1ec7n M\u1ef9 Thu\u1eadt Qu\u1ed1c T\u1ebf Rubik\",\"isPartOf\":{\"@id\":\"https:\\\/\\\/ria.edu.vn\\\/#website\"},\"datePublished\":\"2021-12-25T07:35:17+00:00\",\"dateModified\":\"2022-09-20T10:21:04+00:00\",\"breadcrumb\":{\"@id\":\"https:\\\/\\\/ria.edu.vn\\\/?page_id=1244#breadcrumb\"},\"inLanguage\":\"vi\",\"potentialAction\":[{\"@type\":\"ReadAction\",\"target\":[\"https:\\\/\\\/ria.edu.vn\\\/?page_id=1244\"]}]},{\"@type\":\"BreadcrumbList\",\"@id\":\"https:\\\/\\\/ria.edu.vn\\\/?page_id=1244#breadcrumb\",\"itemListElement\":[{\"@type\":\"ListItem\",\"position\":1,\"name\":\"Trang ch\u1ee7\",\"item\":\"https:\\\/\\\/ria.edu.vn\\\/\"},{\"@type\":\"ListItem\",\"position\":2,\"name\":\"Kh\u00f3a h\u1ecdc\",\"item\":\"https:\\\/\\\/ria.edu.vn\\\/?page_id=872\"},{\"@type\":\"ListItem\",\"position\":3,\"name\":\"Kh\u00f3a H\u1ecdc M\u1ef9 Thu\u1eadt C\u01a1 B\u1ea3n\",\"item\":\"https:\\\/\\\/ria.edu.vn\\\/?page_id=918\"},{\"@type\":\"ListItem\",\"position\":4,\"name\":\"V\u1ebd ch\u00ec m\u00e0u\"}]},{\"@type\":\"WebSite\",\"@id\":\"https:\\\/\\\/ria.edu.vn\\\/#website\",\"url\":\"https:\\\/\\\/ria.edu.vn\\\/\",\"name\":\"H\u1ecdc Vi\u1ec7n M\u1ef9 Thu\u1eadt Qu\u1ed1c T\u1ebf Rubik\",\"description\":\"H\u1ecdc Vi\u1ec7n M\u1ef9 Thu\u1eadt Qu\u1ed1c T\u1ebf Rubik\",\"publisher\":{\"@id\":\"https:\\\/\\\/ria.edu.vn\\\/#organization\"},\"potentialAction\":[{\"@type\":\"SearchAction\",\"target\":{\"@type\":\"EntryPoint\",\"urlTemplate\":\"https:\\\/\\\/ria.edu.vn\\\/?s={search_term_string}\"},\"query-input\":{\"@type\":\"PropertyValueSpecification\",\"valueRequired\":true,\"valueName\":\"search_term_string\"}}],\"inLanguage\":\"vi\"},{\"@type\":\"Organization\",\"@id\":\"https:\\\/\\\/ria.edu.vn\\\/#organization\",\"name\":\"H\u1ecdc Vi\u1ec7n M\u1ef9 Thu\u1eadt Qu\u1ed1c T\u1ebf Rubik\",\"url\":\"https:\\\/\\\/ria.edu.vn\\\/\",\"logo\":{\"@type\":\"ImageObject\",\"inLanguage\":\"vi\",\"@id\":\"https:\\\/\\\/ria.edu.vn\\\/#\\\/schema\\\/logo\\\/image\\\/\",\"url\":\"https:\\\/\\\/ria.edu.vn\\\/wp-content\\\/uploads\\\/2021\\\/12\\\/logo.png\",\"contentUrl\":\"https:\\\/\\\/ria.edu.vn\\\/wp-content\\\/uploads\\\/2021\\\/12\\\/logo.png\",\"width\":378,\"height\":140,\"caption\":\"H\u1ecdc Vi\u1ec7n M\u1ef9 Thu\u1eadt Qu\u1ed1c T\u1ebf Rubik\"},\"image\":{\"@id\":\"https:\\\/\\\/ria.edu.vn\\\/#\\\/schema\\\/logo\\\/image\\\/\"},\"sameAs\":[\"https:\\\/\\\/www.facebook.com\\\/rubikartschool\"]}]}<\/script>\n<!-- \/ Yoast SEO plugin. -->","yoast_head_json":{"title":"V\u1ebd ch\u00ec m\u00e0u - H\u1ecdc Vi\u1ec7n M\u1ef9 Thu\u1eadt Qu\u1ed1c T\u1ebf Rubik","robots":{"index":"index","follow":"follow","max-snippet":"max-snippet:-1","max-image-preview":"max-image-preview:large","max-video-preview":"max-video-preview:-1"},"canonical":"https:\/\/ria.edu.vn\/?page_id=1244","og_locale":"vi_VN","og_type":"article","og_title":"V\u1ebd ch\u00ec m\u00e0u - H\u1ecdc Vi\u1ec7n M\u1ef9 Thu\u1eadt Qu\u1ed1c T\u1ebf Rubik","og_url":"https:\/\/ria.edu.vn\/?page_id=1244","og_site_name":"H\u1ecdc Vi\u1ec7n M\u1ef9 Thu\u1eadt Qu\u1ed1c T\u1ebf Rubik","article_publisher":"https:\/\/www.facebook.com\/rubikartschool","article_modified_time":"2022-09-20T10:21:04+00:00","twitter_card":"summary_large_image","twitter_misc":{"\u01af\u1edbc t\u00ednh th\u1eddi gian \u0111\u1ecdc":"2 ph\u00fat"},"schema":{"@context":"https:\/\/schema.org","@graph":[{"@type":"WebPage","@id":"https:\/\/ria.edu.vn\/?page_id=1244","url":"https:\/\/ria.edu.vn\/?page_id=1244","name":"V\u1ebd ch\u00ec m\u00e0u - H\u1ecdc Vi\u1ec7n M\u1ef9 Thu\u1eadt Qu\u1ed1c T\u1ebf Rubik","isPartOf":{"@id":"https:\/\/ria.edu.vn\/#website"},"datePublished":"2021-12-25T07:35:17+00:00","dateModified":"2022-09-20T10:21:04+00:00","breadcrumb":{"@id":"https:\/\/ria.edu.vn\/?page_id=1244#breadcrumb"},"inLanguage":"vi","potentialAction":[{"@type":"ReadAction","target":["https:\/\/ria.edu.vn\/?page_id=1244"]}]},{"@type":"BreadcrumbList","@id":"https:\/\/ria.edu.vn\/?page_id=1244#breadcrumb","itemListElement":[{"@type":"ListItem","position":1,"name":"Trang ch\u1ee7","item":"https:\/\/ria.edu.vn\/"},{"@type":"ListItem","position":2,"name":"Kh\u00f3a h\u1ecdc","item":"https:\/\/ria.edu.vn\/?page_id=872"},{"@type":"ListItem","position":3,"name":"Kh\u00f3a H\u1ecdc M\u1ef9 Thu\u1eadt C\u01a1 B\u1ea3n","item":"https:\/\/ria.edu.vn\/?page_id=918"},{"@type":"ListItem","position":4,"name":"V\u1ebd ch\u00ec m\u00e0u"}]},{"@type":"WebSite","@id":"https:\/\/ria.edu.vn\/#website","url":"https:\/\/ria.edu.vn\/","name":"H\u1ecdc Vi\u1ec7n M\u1ef9 Thu\u1eadt Qu\u1ed1c T\u1ebf Rubik","description":"H\u1ecdc Vi\u1ec7n M\u1ef9 Thu\u1eadt Qu\u1ed1c T\u1ebf Rubik","publisher":{"@id":"https:\/\/ria.edu.vn\/#organization"},"potentialAction":[{"@type":"SearchAction","target":{"@type":"EntryPoint","urlTemplate":"https:\/\/ria.edu.vn\/?s={search_term_string}"},"query-input":{"@type":"PropertyValueSpecification","valueRequired":true,"valueName":"search_term_string"}}],"inLanguage":"vi"},{"@type":"Organization","@id":"https:\/\/ria.edu.vn\/#organization","name":"H\u1ecdc Vi\u1ec7n M\u1ef9 Thu\u1eadt Qu\u1ed1c T\u1ebf Rubik","url":"https:\/\/ria.edu.vn\/","logo":{"@type":"ImageObject","inLanguage":"vi","@id":"https:\/\/ria.edu.vn\/#\/schema\/logo\/image\/","url":"https:\/\/ria.edu.vn\/wp-content\/uploads\/2021\/12\/logo.png","contentUrl":"https:\/\/ria.edu.vn\/wp-content\/uploads\/2021\/12\/logo.png","width":378,"height":140,"caption":"H\u1ecdc Vi\u1ec7n M\u1ef9 Thu\u1eadt Qu\u1ed1c T\u1ebf Rubik"},"image":{"@id":"https:\/\/ria.edu.vn\/#\/schema\/logo\/image\/"},"sameAs":["https:\/\/www.facebook.com\/rubikartschool"]}]}},"_links":{"self":[{"href":"https:\/\/ria.edu.vn\/index.php?rest_route=\/wp\/v2\/pages\/1244","targetHints":{"allow":["GET"]}}],"collection":[{"href":"https:\/\/ria.edu.vn\/index.php?rest_route=\/wp\/v2\/pages"}],"about":[{"href":"https:\/\/ria.edu.vn\/index.php?rest_route=\/wp\/v2\/types\/page"}],"author":[{"embeddable":true,"href":"https:\/\/ria.edu.vn\/index.php?rest_route=\/wp\/v2\/users\/1"}],"replies":[{"embeddable":true,"href":"https:\/\/ria.edu.vn\/index.php?rest_route=%2Fwp%2Fv2%2Fcomments&post=1244"}],"version-history":[{"count":9,"href":"https:\/\/ria.edu.vn\/index.php?rest_route=\/wp\/v2\/pages\/1244\/revisions"}],"predecessor-version":[{"id":3005,"href":"https:\/\/ria.edu.vn\/index.php?rest_route=\/wp\/v2\/pages\/1244\/revisions\/3005"}],"up":[{"embeddable":true,"href":"https:\/\/ria.edu.vn\/index.php?rest_route=\/wp\/v2\/pages\/918"}],"wp:attachment":[{"href":"https:\/\/ria.edu.vn\/index.php?rest_route=%2Fwp%2Fv2%2Fmedia&parent=1244"}],"curies":[{"name":"wp","href":"https:\/\/api.w.org\/{rel}","templated":true}]}}