{"id":1141,"date":"2021-12-25T08:48:07","date_gmt":"2021-12-25T01:48:07","guid":{"rendered":"https:\/\/ria.edu.vn\/?page_id=1141"},"modified":"2022-04-17T21:50:37","modified_gmt":"2022-04-17T14:50:37","slug":"chep-tranh","status":"publish","type":"page","link":"https:\/\/ria.edu.vn\/?page_id=1141","title":{"rendered":"Ch\u00e9p tranh"},"content":{"rendered":"\t<div class=\"img has-hover x md-x lg-x y md-y lg-y\" id=\"image_205539356\">\n\t\t\t\t\t\t\t\t<div class=\"img-inner image-cover dark\" style=\"padding-top:300px;\">\n\t\t\t<img decoding=\"async\" width=\"1784\" height=\"374\" data-src=\"https:\/\/ria.edu.vn\/wp-content\/uploads\/2021\/12\/ct-bg1.webp\" class=\"attachment-original size-original lazyload\" alt=\"\" data-srcset=\"https:\/\/ria.edu.vn\/wp-content\/uploads\/2021\/12\/ct-bg1.webp 1784w, https:\/\/ria.edu.vn\/wp-content\/uploads\/2021\/12\/ct-bg1-600x126.webp 600w, https:\/\/ria.edu.vn\/wp-content\/uploads\/2021\/12\/ct-bg1-800x168.webp 800w, https:\/\/ria.edu.vn\/wp-content\/uploads\/2021\/12\/ct-bg1-1400x293.webp 1400w, https:\/\/ria.edu.vn\/wp-content\/uploads\/2021\/12\/ct-bg1-768x161.webp 768w, https:\/\/ria.edu.vn\/wp-content\/uploads\/2021\/12\/ct-bg1-1536x322.webp 1536w\" data-sizes=\"(max-width: 1784px) 100vw, 1784px\" src=\"data:image\/gif;base64,R0lGODlhAQABAAAAACH5BAEKAAEALAAAAAABAAEAAAICTAEAOw==\" style=\"--smush-placeholder-width: 1784px; --smush-placeholder-aspect-ratio: 1784\/374;\" \/>\t\t\t\t\t\t\n\t\t\t\t\t<\/div>\n\t\t\t\t\t\t\t\t\n<style>\n#image_205539356 {\n  width: 100%;\n}\n<\/style>\n\t<\/div>\n\t\n\t<section class=\"section\" id=\"section_224691579\">\n\t\t<div class=\"bg section-bg fill bg-fill  bg-loaded\" >\n\n\t\t\t\n\t\t\t<div class=\"section-bg-overlay absolute fill\"><\/div>\n\t\t\t\n\n\t\t<\/div>\n\n\t\t<div class=\"section-content relative\">\n\t\t\t\n<div class=\"row\"  id=\"row-1278941115\">\n\n\t<div id=\"col-1009401515\" class=\"col small-12 large-12\"  >\n\t\t<div class=\"col-inner\"  >\n\t\t\t\n\t\t\t\n<p class=\"uppercase ria_title\"><span>C<\/span>h\u00e9p tranh<\/p>\n<ul  class=\"ria_text_1\">\n<li>C\u00e1c lo\u1ea1i tranh, \u1ea3nh c\u1ee7a t\u00e1c gi\u1ea3 trong v\u00e0 ngo\u00e0i n\u01b0\u1edbc. <\/li>\n<li>T\u00e1c gi\u1ea3 \u0111\u00e3 qua \u0111\u1eddi tr\u00ean 60 n\u0103m.<br \/>\nC\u00e1c tranh ch\u00e9p th\u1ec3 hi\u1ec7n \u0111\u1ea7y \u0111\u1ee7 n\u1ed9i dung, h\u00ecnh \u1ea3nh t\u1eeb tranh g\u1ed1c.<\/li>\n<\/ul>\n\t\t<\/div>\n\t\t\n<style>\n#col-1009401515 > .col-inner {\n  padding: 30px 0px 0px 0px;\n}\n<\/style>\n\t<\/div>\n\n\t\n\n\t<div id=\"col-1674820428\" class=\"col small-12 large-12\"  >\n\t\t<div class=\"col-inner\"  >\n\t\t\t\n\t\t\t\n\n  \n    <div class=\"row large-columns-2 medium-columns- small-columns- row-xsmall\">\n          <div class=\"gallery-col col\" >\n          <div class=\"col-inner\">\n            <a class=\"image-lightbox lightbox-gallery\" href=\"https:\/\/ria.edu.vn\/wp-content\/uploads\/2021\/12\/ct-bg5.jpg\" title=\"\">            <div class=\"box has-hover gallery-box box-normal\">\n              <div class=\"box-image image-cover\" style=\"padding-top:100%;\">\n                <img decoding=\"async\" width=\"400\" height=\"400\" data-src=\"https:\/\/ria.edu.vn\/wp-content\/uploads\/2021\/12\/ct-bg5-400x400.jpg\" class=\"attachment-medium size-medium lazyload\" alt=\"\" ids=\"1210,1211,1212,1213,1214,1215\" style=\"--smush-placeholder-width: 400px; --smush-placeholder-aspect-ratio: 400\/400;normal\" col_spacing=\"xsmall\" columns=\"2\" image_height=\"100%\" image_size=\"medium\" data-srcset=\"https:\/\/ria.edu.vn\/wp-content\/uploads\/2021\/12\/ct-bg5-400x400.jpg 400w, https:\/\/ria.edu.vn\/wp-content\/uploads\/2021\/12\/ct-bg5-300x300.jpg 300w, https:\/\/ria.edu.vn\/wp-content\/uploads\/2021\/12\/ct-bg5-100x100.jpg 100w, https:\/\/ria.edu.vn\/wp-content\/uploads\/2021\/12\/ct-bg5-600x600.jpg 600w, https:\/\/ria.edu.vn\/wp-content\/uploads\/2021\/12\/ct-bg5-280x280.jpg 280w, https:\/\/ria.edu.vn\/wp-content\/uploads\/2021\/12\/ct-bg5-768x768.jpg 768w, https:\/\/ria.edu.vn\/wp-content\/uploads\/2021\/12\/ct-bg5.jpg 800w\" data-sizes=\"(max-width: 400px) 100vw, 400px\" src=\"data:image\/gif;base64,R0lGODlhAQABAAAAACH5BAEKAAEALAAAAAABAAEAAAICTAEAOw==\" \/>                                                              <\/div>\n              <div class=\"box-text text-left\" >\n                 <p><\/p>\n              <\/div>\n            <\/div>\n            <\/a>          <\/div>\n         <\/div>\n                 <div class=\"gallery-col col\" >\n          <div class=\"col-inner\">\n            <a class=\"image-lightbox lightbox-gallery\" href=\"https:\/\/ria.edu.vn\/wp-content\/uploads\/2021\/12\/ct-bg6.jpg\" title=\"\">            <div class=\"box has-hover gallery-box box-normal\">\n              <div class=\"box-image image-cover\" style=\"padding-top:100%;\">\n                <img decoding=\"async\" width=\"400\" height=\"400\" data-src=\"https:\/\/ria.edu.vn\/wp-content\/uploads\/2021\/12\/ct-bg6-400x400.jpg\" class=\"attachment-medium size-medium lazyload\" alt=\"\" ids=\"1210,1211,1212,1213,1214,1215\" style=\"--smush-placeholder-width: 400px; --smush-placeholder-aspect-ratio: 400\/400;normal\" col_spacing=\"xsmall\" columns=\"2\" image_height=\"100%\" image_size=\"medium\" data-srcset=\"https:\/\/ria.edu.vn\/wp-content\/uploads\/2021\/12\/ct-bg6-400x400.jpg 400w, https:\/\/ria.edu.vn\/wp-content\/uploads\/2021\/12\/ct-bg6-300x300.jpg 300w, https:\/\/ria.edu.vn\/wp-content\/uploads\/2021\/12\/ct-bg6-100x100.jpg 100w, https:\/\/ria.edu.vn\/wp-content\/uploads\/2021\/12\/ct-bg6-600x600.jpg 600w, https:\/\/ria.edu.vn\/wp-content\/uploads\/2021\/12\/ct-bg6-280x280.jpg 280w, https:\/\/ria.edu.vn\/wp-content\/uploads\/2021\/12\/ct-bg6-768x768.jpg 768w, https:\/\/ria.edu.vn\/wp-content\/uploads\/2021\/12\/ct-bg6.jpg 800w\" data-sizes=\"(max-width: 400px) 100vw, 400px\" src=\"data:image\/gif;base64,R0lGODlhAQABAAAAACH5BAEKAAEALAAAAAABAAEAAAICTAEAOw==\" \/>                                                              <\/div>\n              <div class=\"box-text text-left\" >\n                 <p><\/p>\n              <\/div>\n            <\/div>\n            <\/a>          <\/div>\n         <\/div>\n                 <div class=\"gallery-col col\" >\n          <div class=\"col-inner\">\n            <a class=\"image-lightbox lightbox-gallery\" href=\"https:\/\/ria.edu.vn\/wp-content\/uploads\/2021\/12\/ct-bg1.jpg\" title=\"\">            <div class=\"box has-hover gallery-box box-normal\">\n              <div class=\"box-image image-cover\" style=\"padding-top:100%;\">\n                <img decoding=\"async\" width=\"400\" height=\"400\" data-src=\"https:\/\/ria.edu.vn\/wp-content\/uploads\/2021\/12\/ct-bg1-400x400.jpg\" class=\"attachment-medium size-medium lazyload\" alt=\"\" ids=\"1210,1211,1212,1213,1214,1215\" style=\"--smush-placeholder-width: 400px; --smush-placeholder-aspect-ratio: 400\/400;normal\" col_spacing=\"xsmall\" columns=\"2\" image_height=\"100%\" image_size=\"medium\" data-srcset=\"https:\/\/ria.edu.vn\/wp-content\/uploads\/2021\/12\/ct-bg1-400x400.jpg 400w, https:\/\/ria.edu.vn\/wp-content\/uploads\/2021\/12\/ct-bg1-300x300.jpg 300w, https:\/\/ria.edu.vn\/wp-content\/uploads\/2021\/12\/ct-bg1-100x100.jpg 100w, https:\/\/ria.edu.vn\/wp-content\/uploads\/2021\/12\/ct-bg1-600x600.jpg 600w, https:\/\/ria.edu.vn\/wp-content\/uploads\/2021\/12\/ct-bg1-280x280.jpg 280w, https:\/\/ria.edu.vn\/wp-content\/uploads\/2021\/12\/ct-bg1-768x768.jpg 768w, https:\/\/ria.edu.vn\/wp-content\/uploads\/2021\/12\/ct-bg1.jpg 800w\" data-sizes=\"(max-width: 400px) 100vw, 400px\" src=\"data:image\/gif;base64,R0lGODlhAQABAAAAACH5BAEKAAEALAAAAAABAAEAAAICTAEAOw==\" \/>                                                              <\/div>\n              <div class=\"box-text text-left\" >\n                 <p><\/p>\n              <\/div>\n            <\/div>\n            <\/a>          <\/div>\n         <\/div>\n                 <div class=\"gallery-col col\" >\n          <div class=\"col-inner\">\n            <a class=\"image-lightbox lightbox-gallery\" href=\"https:\/\/ria.edu.vn\/wp-content\/uploads\/2021\/12\/ct-bg2.jpg\" title=\"\">            <div class=\"box has-hover gallery-box box-normal\">\n              <div class=\"box-image image-cover\" style=\"padding-top:100%;\">\n                <img decoding=\"async\" width=\"400\" height=\"400\" data-src=\"https:\/\/ria.edu.vn\/wp-content\/uploads\/2021\/12\/ct-bg2-400x400.jpg\" class=\"attachment-medium size-medium lazyload\" alt=\"\" ids=\"1210,1211,1212,1213,1214,1215\" style=\"--smush-placeholder-width: 400px; --smush-placeholder-aspect-ratio: 400\/400;normal\" col_spacing=\"xsmall\" columns=\"2\" image_height=\"100%\" image_size=\"medium\" data-srcset=\"https:\/\/ria.edu.vn\/wp-content\/uploads\/2021\/12\/ct-bg2-400x400.jpg 400w, https:\/\/ria.edu.vn\/wp-content\/uploads\/2021\/12\/ct-bg2-300x300.jpg 300w, https:\/\/ria.edu.vn\/wp-content\/uploads\/2021\/12\/ct-bg2-100x100.jpg 100w, https:\/\/ria.edu.vn\/wp-content\/uploads\/2021\/12\/ct-bg2-600x600.jpg 600w, https:\/\/ria.edu.vn\/wp-content\/uploads\/2021\/12\/ct-bg2-280x280.jpg 280w, https:\/\/ria.edu.vn\/wp-content\/uploads\/2021\/12\/ct-bg2-768x768.jpg 768w, https:\/\/ria.edu.vn\/wp-content\/uploads\/2021\/12\/ct-bg2.jpg 800w\" data-sizes=\"(max-width: 400px) 100vw, 400px\" src=\"data:image\/gif;base64,R0lGODlhAQABAAAAACH5BAEKAAEALAAAAAABAAEAAAICTAEAOw==\" \/>                                                              <\/div>\n              <div class=\"box-text text-left\" >\n                 <p><\/p>\n              <\/div>\n            <\/div>\n            <\/a>          <\/div>\n         <\/div>\n                 <div class=\"gallery-col col\" >\n          <div class=\"col-inner\">\n            <a class=\"image-lightbox lightbox-gallery\" href=\"https:\/\/ria.edu.vn\/wp-content\/uploads\/2021\/12\/ct-bg3.jpg\" title=\"\">            <div class=\"box has-hover gallery-box box-normal\">\n              <div class=\"box-image image-cover\" style=\"padding-top:100%;\">\n                <img decoding=\"async\" width=\"400\" height=\"400\" data-src=\"https:\/\/ria.edu.vn\/wp-content\/uploads\/2021\/12\/ct-bg3-400x400.jpg\" class=\"attachment-medium size-medium lazyload\" alt=\"\" ids=\"1210,1211,1212,1213,1214,1215\" style=\"--smush-placeholder-width: 400px; --smush-placeholder-aspect-ratio: 400\/400;normal\" col_spacing=\"xsmall\" columns=\"2\" image_height=\"100%\" image_size=\"medium\" data-srcset=\"https:\/\/ria.edu.vn\/wp-content\/uploads\/2021\/12\/ct-bg3-400x400.jpg 400w, https:\/\/ria.edu.vn\/wp-content\/uploads\/2021\/12\/ct-bg3-300x300.jpg 300w, https:\/\/ria.edu.vn\/wp-content\/uploads\/2021\/12\/ct-bg3-100x100.jpg 100w, https:\/\/ria.edu.vn\/wp-content\/uploads\/2021\/12\/ct-bg3-600x600.jpg 600w, https:\/\/ria.edu.vn\/wp-content\/uploads\/2021\/12\/ct-bg3-280x280.jpg 280w, https:\/\/ria.edu.vn\/wp-content\/uploads\/2021\/12\/ct-bg3-768x768.jpg 768w, https:\/\/ria.edu.vn\/wp-content\/uploads\/2021\/12\/ct-bg3.jpg 800w\" data-sizes=\"(max-width: 400px) 100vw, 400px\" src=\"data:image\/gif;base64,R0lGODlhAQABAAAAACH5BAEKAAEALAAAAAABAAEAAAICTAEAOw==\" \/>                                                              <\/div>\n              <div class=\"box-text text-left\" >\n                 <p><\/p>\n              <\/div>\n            <\/div>\n            <\/a>          <\/div>\n         <\/div>\n                 <div class=\"gallery-col col\" >\n          <div class=\"col-inner\">\n            <a class=\"image-lightbox lightbox-gallery\" href=\"https:\/\/ria.edu.vn\/wp-content\/uploads\/2021\/12\/ct-bg4.jpg\" title=\"\">            <div class=\"box has-hover gallery-box box-normal\">\n              <div class=\"box-image image-cover\" style=\"padding-top:100%;\">\n                <img decoding=\"async\" width=\"400\" height=\"400\" data-src=\"https:\/\/ria.edu.vn\/wp-content\/uploads\/2021\/12\/ct-bg4-400x400.jpg\" class=\"attachment-medium size-medium lazyload\" alt=\"\" ids=\"1210,1211,1212,1213,1214,1215\" style=\"--smush-placeholder-width: 400px; --smush-placeholder-aspect-ratio: 400\/400;normal\" col_spacing=\"xsmall\" columns=\"2\" image_height=\"100%\" image_size=\"medium\" data-srcset=\"https:\/\/ria.edu.vn\/wp-content\/uploads\/2021\/12\/ct-bg4-400x400.jpg 400w, https:\/\/ria.edu.vn\/wp-content\/uploads\/2021\/12\/ct-bg4-300x300.jpg 300w, https:\/\/ria.edu.vn\/wp-content\/uploads\/2021\/12\/ct-bg4-100x100.jpg 100w, https:\/\/ria.edu.vn\/wp-content\/uploads\/2021\/12\/ct-bg4-600x600.jpg 600w, https:\/\/ria.edu.vn\/wp-content\/uploads\/2021\/12\/ct-bg4-280x280.jpg 280w, https:\/\/ria.edu.vn\/wp-content\/uploads\/2021\/12\/ct-bg4-768x768.jpg 768w, https:\/\/ria.edu.vn\/wp-content\/uploads\/2021\/12\/ct-bg4.jpg 800w\" data-sizes=\"(max-width: 400px) 100vw, 400px\" src=\"data:image\/gif;base64,R0lGODlhAQABAAAAACH5BAEKAAEALAAAAAABAAEAAAICTAEAOw==\" \/>                                                              <\/div>\n              <div class=\"box-text text-left\" >\n                 <p><\/p>\n              <\/div>\n            <\/div>\n            <\/a>          <\/div>\n         <\/div>\n         <\/div>\n\t\t<\/div>\n\t\t\n<style>\n#col-1674820428 > .col-inner {\n  padding: 0px 0px 0px 0px;\n}\n@media (min-width:550px) {\n  #col-1674820428 > .col-inner {\n    padding: 0px 60px 0px 0px;\n  }\n}\n<\/style>\n\t<\/div>\n\n\t\n<\/div>\n\t\t<\/div>\n\n\t\t\n<style>\n#section_224691579 {\n  padding-top: 30px;\n  padding-bottom: 30px;\n}\n#section_224691579 .section-bg-overlay {\n  background-color: rgba(255, 255, 255, 0.82);\n}\n<\/style>\n\t<\/section>\n\t\n\t<section class=\"section\" id=\"section_2101904043\">\n\t\t<div class=\"bg section-bg fill bg-fill  \" >\n\n\t\t\t\n\t\t\t<div class=\"section-bg-overlay absolute fill\"><\/div>\n\t\t\t\n\n\t\t<\/div>\n\n\t\t<div class=\"section-content relative\">\n\t\t\t\n<div class=\"row row-collapse\"  id=\"row-1210648259\">\n\n\t<div id=\"col-2077513260\" class=\"col small-12 large-12\"  >\n\t\t<div class=\"col-inner\"  >\n\t\t\t\n\t\t\t\n\t<div id=\"text-1706803489\" class=\"text\">\n\t\t\n<p style=\"font-size:24px; font-weight:600;letter-spacing:2px\">T\u01b0 v\u1ea5n mua b\u00e1n c\u00e1c t\u00e1c ph\u1ea9m t\u1ea1i RIA<\/p>\n\t\t\n<style>\n#text-1706803489 {\n  text-align: center;\n}\n<\/style>\n\t<\/div>\n\t\n\t\t<\/div>\n\t\t\n<style>\n#col-2077513260 > .col-inner {\n  padding: 30px 0px 0px 0px;\n}\n<\/style>\n\t<\/div>\n\n\t\n\n\t<div id=\"col-116927901\" class=\"col small-12 large-12\"  >\n\t\t<div class=\"col-inner\"  >\n\t\t\t\n\t\t\t\n\n<div class=\"wpcf7 no-js\" id=\"wpcf7-f2070-o1\" lang=\"vi\" dir=\"ltr\" data-wpcf7-id=\"2070\">\n<div class=\"screen-reader-response\"><p role=\"status\" aria-live=\"polite\" aria-atomic=\"true\"><\/p> <ul><\/ul><\/div>\n<form action=\"\/index.php?rest_route=%2Fwp%2Fv2%2Fpages%2F1141#wpcf7-f2070-o1\" method=\"post\" class=\"wpcf7-form init\" aria-label=\"Form li\u00ean h\u1ec7\" novalidate=\"novalidate\" data-status=\"init\">\n<fieldset class=\"hidden-fields-container\"><input type=\"hidden\" name=\"_wpcf7\" value=\"2070\" \/><input type=\"hidden\" name=\"_wpcf7_version\" value=\"6.1.5\" \/><input type=\"hidden\" name=\"_wpcf7_locale\" value=\"vi\" \/><input type=\"hidden\" name=\"_wpcf7_unit_tag\" value=\"wpcf7-f2070-o1\" \/><input type=\"hidden\" name=\"_wpcf7_container_post\" value=\"0\" \/><input type=\"hidden\" name=\"_wpcf7_posted_data_hash\" value=\"\" \/>\n<\/fieldset>\n<div class=\"row ria_form_footer\">\n\t<div class=\"col medium-6 small-12 large-6\">\n\t\t<div class=\"col-inner\">\n\t\t\t<p><span class=\"wpcf7-form-control-wrap\" data-name=\"text-221\"><input size=\"40\" maxlength=\"400\" class=\"wpcf7-form-control wpcf7-text wpcf7-validates-as-required\" aria-required=\"true\" aria-invalid=\"false\" placeholder=\"H\u1ecd v\u00e0 t\u00ean\" value=\"\" type=\"text\" name=\"text-221\" \/><\/span>\n\t\t\t<\/p>\n\t\t<\/div>\n\t<\/div>\n\t<div class=\"col medium-6 small-12 large-6\">\n\t\t<div class=\"col-inner\">\n\t\t\t<p><span class=\"wpcf7-form-control-wrap\" data-name=\"tel-773\"><input size=\"40\" maxlength=\"400\" class=\"wpcf7-form-control wpcf7-tel wpcf7-validates-as-required wpcf7-text wpcf7-validates-as-tel\" aria-required=\"true\" aria-invalid=\"false\" placeholder=\"S\u1ed1 \u0111i\u1ec7n tho\u1ea1i\" value=\"\" type=\"tel\" name=\"tel-773\" \/><\/span>\n\t\t\t<\/p>\n\t\t<\/div>\n\t<\/div>\n\t<div class=\"col medium-6 small-12 large-6\">\n\t\t<div class=\"col-inner\">\n\t\t\t<p><span class=\"wpcf7-form-control-wrap\" data-name=\"text-447\"><input size=\"40\" maxlength=\"400\" class=\"wpcf7-form-control wpcf7-text\" aria-invalid=\"false\" placeholder=\"M\u00e3 tranh\" value=\"\" type=\"text\" name=\"text-447\" \/><\/span>\n\t\t\t<\/p>\n\t\t<\/div>\n\t<\/div>\n\t<div class=\"col medium-6 small-12 large-6\">\n\t\t<div class=\"col-inner\">\n\t\t\t<p><span class=\"wpcf7-form-control-wrap\" data-name=\"email-584\"><input size=\"40\" maxlength=\"400\" class=\"wpcf7-form-control wpcf7-email wpcf7-validates-as-required wpcf7-text wpcf7-validates-as-email\" aria-required=\"true\" aria-invalid=\"false\" placeholder=\"Email\" value=\"\" type=\"email\" name=\"email-584\" \/><\/span>\n\t\t\t<\/p>\n\t\t<\/div>\n\t<\/div>\n\t<div class=\"col medium-12 small-12 large-12\">\n\t\t<div class=\"col-inner text-center\">\n\t\t\t<p><input class=\"wpcf7-form-control wpcf7-submit has-spinner ria_form_footer_button\" type=\"submit\" value=\"Li\u00ean h\u1ec7 ngay\" \/>\n\t\t\t<\/p>\n\t\t<\/div>\n\t<\/div>\n<\/div><div class=\"wpcf7-response-output\" aria-hidden=\"true\"><\/div>\n<\/form>\n<\/div>\n\n\t\t<\/div>\n\t\t\n<style>\n#col-116927901 > .col-inner {\n  padding: 0px 15px 0px 15px;\n}\n@media (min-width:550px) {\n  #col-116927901 > .col-inner {\n    padding: 0px 200px 0px 200px;\n  }\n}\n<\/style>\n\t<\/div>\n\n\t\n<\/div>\n\t\t<\/div>\n\n\t\t\n<style>\n#section_2101904043 {\n  padding-top: 30px;\n  padding-bottom: 30px;\n}\n#section_2101904043 .section-bg-overlay {\n  background-color: rgba(238, 238, 238, 0.5);\n}\n#section_2101904043 .section-bg.bg-loaded {\n  background-image: url(https:\/\/ria.edu.vn\/wp-content\/uploads\/2022\/01\/bg-footer-scaled.jpg);\n}\n<\/style>\n\t<\/section>\n\t\n","protected":false},"excerpt":{"rendered":"","protected":false},"author":1,"featured_media":0,"parent":1137,"menu_order":0,"comment_status":"closed","ping_status":"closed","template":"page-blank.php","meta":{"_acf_changed":false,"footnotes":""},"class_list":["post-1141","page","type-page","status-publish","hentry"],"acf":[],"yoast_head":"<!-- This site is optimized with the Yoast SEO plugin v27.3 - https:\/\/yoast.com\/product\/yoast-seo-wordpress\/ -->\n<title>Ch\u00e9p tranh - H\u1ecdc Vi\u1ec7n M\u1ef9 Thu\u1eadt Qu\u1ed1c T\u1ebf Rubik<\/title>\n<meta name=\"robots\" content=\"index, follow, max-snippet:-1, max-image-preview:large, max-video-preview:-1\" \/>\n<link rel=\"canonical\" href=\"https:\/\/ria.edu.vn\/?page_id=1141\" \/>\n<meta property=\"og:locale\" content=\"vi_VN\" \/>\n<meta property=\"og:type\" content=\"article\" \/>\n<meta property=\"og:title\" content=\"Ch\u00e9p tranh - H\u1ecdc Vi\u1ec7n M\u1ef9 Thu\u1eadt Qu\u1ed1c T\u1ebf Rubik\" \/>\n<meta property=\"og:url\" content=\"https:\/\/ria.edu.vn\/?page_id=1141\" \/>\n<meta property=\"og:site_name\" content=\"H\u1ecdc Vi\u1ec7n M\u1ef9 Thu\u1eadt Qu\u1ed1c T\u1ebf Rubik\" \/>\n<meta property=\"article:publisher\" content=\"https:\/\/www.facebook.com\/rubikartschool\" \/>\n<meta property=\"article:modified_time\" content=\"2022-04-17T14:50:37+00:00\" \/>\n<meta name=\"twitter:card\" content=\"summary_large_image\" \/>\n<meta name=\"twitter:label1\" content=\"\u01af\u1edbc t\u00ednh th\u1eddi gian \u0111\u1ecdc\" \/>\n\t<meta name=\"twitter:data1\" content=\"1 ph\u00fat\" \/>\n<script type=\"application\/ld+json\" class=\"yoast-schema-graph\">{\"@context\":\"https:\\\/\\\/schema.org\",\"@graph\":[{\"@type\":\"WebPage\",\"@id\":\"https:\\\/\\\/ria.edu.vn\\\/?page_id=1141\",\"url\":\"https:\\\/\\\/ria.edu.vn\\\/?page_id=1141\",\"name\":\"Ch\u00e9p tranh - H\u1ecdc Vi\u1ec7n M\u1ef9 Thu\u1eadt Qu\u1ed1c T\u1ebf Rubik\",\"isPartOf\":{\"@id\":\"https:\\\/\\\/ria.edu.vn\\\/#website\"},\"datePublished\":\"2021-12-25T01:48:07+00:00\",\"dateModified\":\"2022-04-17T14:50:37+00:00\",\"breadcrumb\":{\"@id\":\"https:\\\/\\\/ria.edu.vn\\\/?page_id=1141#breadcrumb\"},\"inLanguage\":\"vi\",\"potentialAction\":[{\"@type\":\"ReadAction\",\"target\":[\"https:\\\/\\\/ria.edu.vn\\\/?page_id=1141\"]}]},{\"@type\":\"BreadcrumbList\",\"@id\":\"https:\\\/\\\/ria.edu.vn\\\/?page_id=1141#breadcrumb\",\"itemListElement\":[{\"@type\":\"ListItem\",\"position\":1,\"name\":\"Trang ch\u1ee7\",\"item\":\"https:\\\/\\\/ria.edu.vn\\\/\"},{\"@type\":\"ListItem\",\"position\":2,\"name\":\"Art Gallery Store\",\"item\":\"https:\\\/\\\/ria.edu.vn\\\/?page_id=870\"},{\"@type\":\"ListItem\",\"position\":3,\"name\":\"V\u1ebd Tranh Qu\u00e0 T\u1eb7ng\",\"item\":\"https:\\\/\\\/ria.edu.vn\\\/?page_id=1137\"},{\"@type\":\"ListItem\",\"position\":4,\"name\":\"Ch\u00e9p tranh\"}]},{\"@type\":\"WebSite\",\"@id\":\"https:\\\/\\\/ria.edu.vn\\\/#website\",\"url\":\"https:\\\/\\\/ria.edu.vn\\\/\",\"name\":\"H\u1ecdc Vi\u1ec7n M\u1ef9 Thu\u1eadt Qu\u1ed1c T\u1ebf Rubik\",\"description\":\"H\u1ecdc Vi\u1ec7n M\u1ef9 Thu\u1eadt Qu\u1ed1c T\u1ebf Rubik\",\"publisher\":{\"@id\":\"https:\\\/\\\/ria.edu.vn\\\/#organization\"},\"potentialAction\":[{\"@type\":\"SearchAction\",\"target\":{\"@type\":\"EntryPoint\",\"urlTemplate\":\"https:\\\/\\\/ria.edu.vn\\\/?s={search_term_string}\"},\"query-input\":{\"@type\":\"PropertyValueSpecification\",\"valueRequired\":true,\"valueName\":\"search_term_string\"}}],\"inLanguage\":\"vi\"},{\"@type\":\"Organization\",\"@id\":\"https:\\\/\\\/ria.edu.vn\\\/#organization\",\"name\":\"H\u1ecdc Vi\u1ec7n M\u1ef9 Thu\u1eadt Qu\u1ed1c T\u1ebf Rubik\",\"url\":\"https:\\\/\\\/ria.edu.vn\\\/\",\"logo\":{\"@type\":\"ImageObject\",\"inLanguage\":\"vi\",\"@id\":\"https:\\\/\\\/ria.edu.vn\\\/#\\\/schema\\\/logo\\\/image\\\/\",\"url\":\"https:\\\/\\\/ria.edu.vn\\\/wp-content\\\/uploads\\\/2021\\\/12\\\/logo.png\",\"contentUrl\":\"https:\\\/\\\/ria.edu.vn\\\/wp-content\\\/uploads\\\/2021\\\/12\\\/logo.png\",\"width\":378,\"height\":140,\"caption\":\"H\u1ecdc Vi\u1ec7n M\u1ef9 Thu\u1eadt Qu\u1ed1c T\u1ebf Rubik\"},\"image\":{\"@id\":\"https:\\\/\\\/ria.edu.vn\\\/#\\\/schema\\\/logo\\\/image\\\/\"},\"sameAs\":[\"https:\\\/\\\/www.facebook.com\\\/rubikartschool\"]}]}<\/script>\n<!-- \/ Yoast SEO plugin. -->","yoast_head_json":{"title":"Ch\u00e9p tranh - H\u1ecdc Vi\u1ec7n M\u1ef9 Thu\u1eadt Qu\u1ed1c T\u1ebf Rubik","robots":{"index":"index","follow":"follow","max-snippet":"max-snippet:-1","max-image-preview":"max-image-preview:large","max-video-preview":"max-video-preview:-1"},"canonical":"https:\/\/ria.edu.vn\/?page_id=1141","og_locale":"vi_VN","og_type":"article","og_title":"Ch\u00e9p tranh - H\u1ecdc Vi\u1ec7n M\u1ef9 Thu\u1eadt Qu\u1ed1c T\u1ebf Rubik","og_url":"https:\/\/ria.edu.vn\/?page_id=1141","og_site_name":"H\u1ecdc Vi\u1ec7n M\u1ef9 Thu\u1eadt Qu\u1ed1c T\u1ebf Rubik","article_publisher":"https:\/\/www.facebook.com\/rubikartschool","article_modified_time":"2022-04-17T14:50:37+00:00","twitter_card":"summary_large_image","twitter_misc":{"\u01af\u1edbc t\u00ednh th\u1eddi gian \u0111\u1ecdc":"1 ph\u00fat"},"schema":{"@context":"https:\/\/schema.org","@graph":[{"@type":"WebPage","@id":"https:\/\/ria.edu.vn\/?page_id=1141","url":"https:\/\/ria.edu.vn\/?page_id=1141","name":"Ch\u00e9p tranh - H\u1ecdc Vi\u1ec7n M\u1ef9 Thu\u1eadt Qu\u1ed1c T\u1ebf Rubik","isPartOf":{"@id":"https:\/\/ria.edu.vn\/#website"},"datePublished":"2021-12-25T01:48:07+00:00","dateModified":"2022-04-17T14:50:37+00:00","breadcrumb":{"@id":"https:\/\/ria.edu.vn\/?page_id=1141#breadcrumb"},"inLanguage":"vi","potentialAction":[{"@type":"ReadAction","target":["https:\/\/ria.edu.vn\/?page_id=1141"]}]},{"@type":"BreadcrumbList","@id":"https:\/\/ria.edu.vn\/?page_id=1141#breadcrumb","itemListElement":[{"@type":"ListItem","position":1,"name":"Trang ch\u1ee7","item":"https:\/\/ria.edu.vn\/"},{"@type":"ListItem","position":2,"name":"Art Gallery Store","item":"https:\/\/ria.edu.vn\/?page_id=870"},{"@type":"ListItem","position":3,"name":"V\u1ebd Tranh Qu\u00e0 T\u1eb7ng","item":"https:\/\/ria.edu.vn\/?page_id=1137"},{"@type":"ListItem","position":4,"name":"Ch\u00e9p tranh"}]},{"@type":"WebSite","@id":"https:\/\/ria.edu.vn\/#website","url":"https:\/\/ria.edu.vn\/","name":"H\u1ecdc Vi\u1ec7n M\u1ef9 Thu\u1eadt Qu\u1ed1c T\u1ebf Rubik","description":"H\u1ecdc Vi\u1ec7n M\u1ef9 Thu\u1eadt Qu\u1ed1c T\u1ebf Rubik","publisher":{"@id":"https:\/\/ria.edu.vn\/#organization"},"potentialAction":[{"@type":"SearchAction","target":{"@type":"EntryPoint","urlTemplate":"https:\/\/ria.edu.vn\/?s={search_term_string}"},"query-input":{"@type":"PropertyValueSpecification","valueRequired":true,"valueName":"search_term_string"}}],"inLanguage":"vi"},{"@type":"Organization","@id":"https:\/\/ria.edu.vn\/#organization","name":"H\u1ecdc Vi\u1ec7n M\u1ef9 Thu\u1eadt Qu\u1ed1c T\u1ebf Rubik","url":"https:\/\/ria.edu.vn\/","logo":{"@type":"ImageObject","inLanguage":"vi","@id":"https:\/\/ria.edu.vn\/#\/schema\/logo\/image\/","url":"https:\/\/ria.edu.vn\/wp-content\/uploads\/2021\/12\/logo.png","contentUrl":"https:\/\/ria.edu.vn\/wp-content\/uploads\/2021\/12\/logo.png","width":378,"height":140,"caption":"H\u1ecdc Vi\u1ec7n M\u1ef9 Thu\u1eadt Qu\u1ed1c T\u1ebf Rubik"},"image":{"@id":"https:\/\/ria.edu.vn\/#\/schema\/logo\/image\/"},"sameAs":["https:\/\/www.facebook.com\/rubikartschool"]}]}},"_links":{"self":[{"href":"https:\/\/ria.edu.vn\/index.php?rest_route=\/wp\/v2\/pages\/1141","targetHints":{"allow":["GET"]}}],"collection":[{"href":"https:\/\/ria.edu.vn\/index.php?rest_route=\/wp\/v2\/pages"}],"about":[{"href":"https:\/\/ria.edu.vn\/index.php?rest_route=\/wp\/v2\/types\/page"}],"author":[{"embeddable":true,"href":"https:\/\/ria.edu.vn\/index.php?rest_route=\/wp\/v2\/users\/1"}],"replies":[{"embeddable":true,"href":"https:\/\/ria.edu.vn\/index.php?rest_route=%2Fwp%2Fv2%2Fcomments&post=1141"}],"version-history":[{"count":3,"href":"https:\/\/ria.edu.vn\/index.php?rest_route=\/wp\/v2\/pages\/1141\/revisions"}],"predecessor-version":[{"id":2121,"href":"https:\/\/ria.edu.vn\/index.php?rest_route=\/wp\/v2\/pages\/1141\/revisions\/2121"}],"up":[{"embeddable":true,"href":"https:\/\/ria.edu.vn\/index.php?rest_route=\/wp\/v2\/pages\/1137"}],"wp:attachment":[{"href":"https:\/\/ria.edu.vn\/index.php?rest_route=%2Fwp%2Fv2%2Fmedia&parent=1141"}],"curies":[{"name":"wp","href":"https:\/\/api.w.org\/{rel}","templated":true}]}}